

{"id":65,"date":"2022-05-05T11:52:08","date_gmt":"2022-05-05T18:52:08","guid":{"rendered":"https:\/\/peden.ece.uw.edu\/undergrad-programs\/?page_id=65"},"modified":"2022-05-05T11:52:08","modified_gmt":"2022-05-05T18:52:08","slug":"resume-book","status":"publish","type":"page","link":"https:\/\/peden.ece.uw.edu\/undergrad-programs\/jobs-and-internships\/resume-book\/","title":{"rendered":"Resum\u00e9 Book"},"content":{"rendered":"<p>All EE undergrads and grads are encouraged to submit a resume to our EE Resume Book, which will be made available to participating Career Fair employers and Corporate Affiliates Members. Remember to keep your resume updated throughout the year!<\/p>\n<p><strong>To submit a r\u00e9sum\u00e9 to the <em>EE R\u00e9sum\u00e9 Book<\/em>:<\/strong><\/p>\n<p>STEP 1: Log in to your HuskyJobs account by clicking <a href=\"https:\/\/washington-csm.symplicity.com\/students\/index.php\" target=\"_blank\" rel=\"noopener\">here<\/a>.<u><\/u><u><\/u><\/p>\n<p>STEP 2: Verify that your profile shows that you are an \u201cEE\u201d major.<u><\/u><u><\/u><\/p>\n<p>STEP 3: Upload your latest resume.<u><\/u><u><\/u><\/p>\n<p>Questions? Contact Gail Cornelius at <a href=\"mailto:engrhire@uw.edu\" target=\"_blank\" rel=\"noopener\">engrhire@uw.edu<\/a><\/p>\n<p>&nbsp;<\/p>\n","protected":false},"excerpt":{"rendered":"<p>All EE undergrads and grads are encouraged to submit a resume to our EE Resume Book, which will be made available to participating Career Fair employers and Corporate Affiliates Members. Remember to keep your resume updated throughout the year! To submit a r\u00e9sum\u00e9 to the EE R\u00e9sum\u00e9 Book: STEP 1: Log in to your HuskyJobs&#8230;<\/p>\n<div><a class=\"more\" href=\"https:\/\/peden.ece.uw.edu\/undergrad-programs\/jobs-and-internships\/resume-book\/\">Read more<\/a><\/div>\n","protected":false},"author":1,"featured_media":0,"parent":63,"menu_order":0,"comment_status":"closed","ping_status":"closed","template":"","meta":{"footnotes":""},"tags":[],"class_list":["post-65","page","type-page","status-publish","hentry"],"_links":{"self":[{"href":"https:\/\/peden.ece.uw.edu\/undergrad-programs\/wp-json\/wp\/v2\/pages\/65","targetHints":{"allow":["GET"]}}],"collection":[{"href":"https:\/\/peden.ece.uw.edu\/undergrad-programs\/wp-json\/wp\/v2\/pages"}],"about":[{"href":"https:\/\/peden.ece.uw.edu\/undergrad-programs\/wp-json\/wp\/v2\/types\/page"}],"author":[{"embeddable":true,"href":"https:\/\/peden.ece.uw.edu\/undergrad-programs\/wp-json\/wp\/v2\/users\/1"}],"replies":[{"embeddable":true,"href":"https:\/\/peden.ece.uw.edu\/undergrad-programs\/wp-json\/wp\/v2\/comments?post=65"}],"version-history":[{"count":1,"href":"https:\/\/peden.ece.uw.edu\/undergrad-programs\/wp-json\/wp\/v2\/pages\/65\/revisions"}],"predecessor-version":[{"id":66,"href":"https:\/\/peden.ece.uw.edu\/undergrad-programs\/wp-json\/wp\/v2\/pages\/65\/revisions\/66"}],"up":[{"embeddable":true,"href":"https:\/\/peden.ece.uw.edu\/undergrad-programs\/wp-json\/wp\/v2\/pages\/63"}],"wp:attachment":[{"href":"https:\/\/peden.ece.uw.edu\/undergrad-programs\/wp-json\/wp\/v2\/media?parent=65"}],"wp:term":[{"taxonomy":"post_tag","embeddable":true,"href":"https:\/\/peden.ece.uw.edu\/undergrad-programs\/wp-json\/wp\/v2\/tags?post=65"}],"curies":[{"name":"wp","href":"https:\/\/api.w.org\/{rel}","templated":true}]}}